{"id":4076,"date":"2024-11-08T11:12:37","date_gmt":"2024-11-08T10:12:37","guid":{"rendered":"https:\/\/musiam-paris.com\/?page_id=4076"},"modified":"2025-09-29T11:58:25","modified_gmt":"2025-09-29T09:58:25","slug":"terms-of-legal-notice","status":"publish","type":"page","link":"https:\/\/musiam-paris.com\/en\/terms-of-legal-notice\/","title":{"rendered":"Terms of Legal Notice"},"content":{"rendered":"<h2>Publisher<\/h2>\n<p>Soci\u00e9t\u00e9 de restauration mus\u00e9es et lieux culturels \u2013 Musiam Paris<br \/>\nSAS with share capital of \u20ac10,000<br \/>\nWSH France<br \/>\n83 Rue de Monceau,<br \/>\n75008 Paris \u2013 Cedex \u2013 France<br \/>\nRCS NANTERRE 822 001 509<br \/>\nIntra-community VAT FR70 822 001 509<br \/>\nEmail: musiam.business@musiam-paris.com<\/p>\n<h2>Hosting Provider<\/h2>\n<p>OVH SAS \u2013 www.ovh.com<\/p>\n<p>2 rue Kellermann<br \/>\n59100 Roubaix \u2013 France<br \/>\nEmail: support@ovh.com<\/p>\n<h2>Terms and Conditions of Use of the Website and Services Provided<\/h2>\n<p>Use of the website www.musiam-paris.com<br \/>\nimplies full and unreserved acceptance of the terms and conditions of use described below. These terms of use apply from the very first visit to the website.<\/p>\n<p>By accessing and using the website, every user acknowledges having read these Terms and Conditions of Use and expressly accepts them without reservation or amendment of any kind.<\/p>\n<p>These terms of use may be modified or supplemented at any time, and users of www.musiam-paris.com<br \/>\nare therefore invited to consult them regularly. Musiam Paris reserves the right to amend all or part of the terms of use at any time and without prior notice. Any such modifications take effect from the date they are published online, unless otherwise stated.<\/p>\n<p>The website is normally accessible at all times. An interruption for technical maintenance may, however, be decided by Musiam Paris, which will make every effort to notify users in advance of the dates and times of such intervention. The website www.musiam-paris.com<br \/>\nis updated regularly by Musiam Paris.<\/p>\n<p>By using the website, users agree to familiarise themselves with the legal notices, comply with these terms of use, and use the website strictly for personal purposes. Should a user not accept the amendments made to the terms of use, they must immediately cease all use of the website.<\/p>\n<h2>Intellectual Property<\/h2>\n<p>All texts, comments, works, illustrations, images and content reproduced or displayed on the website are strictly protected under copyright and intellectual property law worldwide. In accordance with the French Intellectual Property Code, use is authorised only for private purposes, subject to different or more restrictive provisions of said Code.<\/p>\n<p>Any total or partial reproduction or representation of the website, or of any elements contained therein, is strictly prohibited. The creation of hyperlinks to the website without the express authorisation of Musiam Paris is also strictly forbidden.<\/p>\n<p>Any fraudulent use of the trademarks, models, logos, and names appearing on the website, in violation of the rights of Musiam Paris and its affiliates, constitutes an act of infringement which may result in legal liability of the author under Articles L713-2 et seq. of the French Intellectual Property Code, as well as relevant EU and international regulations.<\/p>\n<p><strong>Disclaimer of Technical Liability<\/strong><\/p>\n<p>Musiam Paris cannot guarantee the accuracy or completeness of the information published on the website and shall not be held liable for any errors, omissions, or unavailability of information.<\/p>\n<p>The information accessible on the website is provided for informational purposes only and constitutes an offer of services and products that may be amended at any time, given the interactive nature of the site, without Musiam Paris being held responsible.<\/p>\n<p>Musiam Paris declines any responsibility for difficulties accessing the website or interruptions in the connection, regardless of cause. It shall not be held liable for any damage or virus that may infect users\u2019 computer equipment or other property, resulting from use of or access to the website, or from downloading any material from it.<\/p>\n<p><strong>Disclaimer of Liability for Linked Content<\/strong><\/p>\n<p>Hyperlinks provided on this website to other online resources are offered solely for user convenience. Neither the content of such linked sites, nor the links they contain, nor any changes or updates made to them shall incur any liability on the part of www.musiam-paris.com<br \/>\n.<\/p>\n<p><strong>Data Protection \u2013 \u201cInformatique et Libert\u00e9s\u201d<\/strong><\/p>\n<p>In accordance with the French Data Protection Act of 6 January 1978, you may access, rectify, or request the deletion of your personal information from our database by sending us an email.<\/p>\n<p>If you do not wish to receive commercial information that may be of interest to you, please let us know by email (musiam.business@musiam-paris.com<br \/>\n).<\/p>\n<p>In accordance with Law No. 78-17 of 6 January 1978, no personal information is collected without your knowledge.<\/p>\n<h2>Credits<\/h2>\n<p><strong>Website<\/strong><\/p>\n<p>Design, graphic creation, technical development and maintenance: Symediane<\/p>\n<p>Logo and visual identity<br \/>\nPierre Tachon, Soins Graphiques<\/p>\n<p><strong>Photography<\/strong><\/p>\n<p>Philippe Vaur\u00e8s Santamaria, Julien Mouffron-Gardner, Elements Groupe, Aurore Nguyen, Nina Coriton, Stefan Meyer, Christophe Meireis, Bertille Chabrolle<\/p>\n","protected":false},"excerpt":{"rendered":"<p>Publisher Soci\u00e9t\u00e9 de restauration mus\u00e9es et lieux culturels \u2013 Musiam Paris SAS with share capital of \u20ac10,000 WSH France 83 Rue de Monceau, 75008 Paris \u2013 Cedex \u2013 France RCS NANTERRE 822 001 509 Intra-community VAT FR70 822 001 509 Email: musiam.business@musiam-paris.com Hosting Provider OVH SAS \u2013 www.ovh.com 2 rue Kellermann 59100 Roubaix \u2013 France [&hellip;]<\/p>\n","protected":false},"author":5,"featured_media":0,"parent":0,"menu_order":0,"comment_status":"closed","ping_status":"closed","template":"","meta":{"_acf_changed":false,"inline_featured_image":false,"footnotes":""},"class_list":["post-4076","page","type-page","status-publish","hentry"],"acf":[],"yoast_head":"<!-- This site is optimized with the Yoast SEO plugin v27.0 - https:\/\/yoast.com\/product\/yoast-seo-wordpress\/ -->\n<title>Terms of Legal Notice - Musiam<\/title>\n<meta name=\"robots\" content=\"index, follow, max-snippet:-1, max-image-preview:large, max-video-preview:-1\" \/>\n<link rel=\"canonical\" href=\"https:\/\/musiam-paris.com\/en\/terms-of-legal-notice\/\" \/>\n<meta property=\"og:locale\" content=\"en_US\" \/>\n<meta property=\"og:type\" content=\"article\" \/>\n<meta property=\"og:title\" content=\"Terms of Legal Notice - Musiam\" \/>\n<meta property=\"og:description\" content=\"Publisher Soci\u00e9t\u00e9 de restauration mus\u00e9es et lieux culturels \u2013 Musiam Paris SAS with share capital of \u20ac10,000 WSH France 83 Rue de Monceau, 75008 Paris \u2013 Cedex \u2013 France RCS NANTERRE 822 001 509 Intra-community VAT FR70 822 001 509 Email: musiam.business@musiam-paris.com Hosting Provider OVH SAS \u2013 www.ovh.com 2 rue Kellermann 59100 Roubaix \u2013 France [&hellip;]\" \/>\n<meta property=\"og:url\" content=\"https:\/\/musiam-paris.com\/en\/terms-of-legal-notice\/\" \/>\n<meta property=\"og:site_name\" content=\"Musiam\" \/>\n<meta property=\"article:modified_time\" content=\"2025-09-29T09:58:25+00:00\" \/>\n<meta name=\"twitter:card\" content=\"summary_large_image\" \/>\n<meta name=\"twitter:label1\" content=\"Est. reading time\" \/>\n\t<meta name=\"twitter:data1\" content=\"4 minutes\" \/>\n<script type=\"application\/ld+json\" class=\"yoast-schema-graph\">{\"@context\":\"https:\/\/schema.org\",\"@graph\":[{\"@type\":\"WebPage\",\"@id\":\"https:\/\/musiam-paris.com\/en\/terms-of-legal-notice\/\",\"url\":\"https:\/\/musiam-paris.com\/en\/terms-of-legal-notice\/\",\"name\":\"Terms of Legal Notice - Musiam\",\"isPartOf\":{\"@id\":\"https:\/\/musiam-paris.com\/en\/#website\"},\"datePublished\":\"2024-11-08T10:12:37+00:00\",\"dateModified\":\"2025-09-29T09:58:25+00:00\",\"inLanguage\":\"en-US\",\"potentialAction\":[{\"@type\":\"ReadAction\",\"target\":[\"https:\/\/musiam-paris.com\/en\/terms-of-legal-notice\/\"]}]},{\"@type\":\"WebSite\",\"@id\":\"https:\/\/musiam-paris.com\/en\/#website\",\"url\":\"https:\/\/musiam-paris.com\/en\/\",\"name\":\"Musiam\",\"description\":\"\",\"potentialAction\":[{\"@type\":\"SearchAction\",\"target\":{\"@type\":\"EntryPoint\",\"urlTemplate\":\"https:\/\/musiam-paris.com\/en\/?s={search_term_string}\"},\"query-input\":{\"@type\":\"PropertyValueSpecification\",\"valueRequired\":true,\"valueName\":\"search_term_string\"}}],\"inLanguage\":\"en-US\"}]}<\/script>\n<!-- \/ Yoast SEO plugin. -->","yoast_head_json":{"title":"Terms of Legal Notice - Musiam","robots":{"index":"index","follow":"follow","max-snippet":"max-snippet:-1","max-image-preview":"max-image-preview:large","max-video-preview":"max-video-preview:-1"},"canonical":"https:\/\/musiam-paris.com\/en\/terms-of-legal-notice\/","og_locale":"en_US","og_type":"article","og_title":"Terms of Legal Notice - Musiam","og_description":"Publisher Soci\u00e9t\u00e9 de restauration mus\u00e9es et lieux culturels \u2013 Musiam Paris SAS with share capital of \u20ac10,000 WSH France 83 Rue de Monceau, 75008 Paris \u2013 Cedex \u2013 France RCS NANTERRE 822 001 509 Intra-community VAT FR70 822 001 509 Email: musiam.business@musiam-paris.com Hosting Provider OVH SAS \u2013 www.ovh.com 2 rue Kellermann 59100 Roubaix \u2013 France [&hellip;]","og_url":"https:\/\/musiam-paris.com\/en\/terms-of-legal-notice\/","og_site_name":"Musiam","article_modified_time":"2025-09-29T09:58:25+00:00","twitter_card":"summary_large_image","twitter_misc":{"Est. reading time":"4 minutes"},"schema":{"@context":"https:\/\/schema.org","@graph":[{"@type":"WebPage","@id":"https:\/\/musiam-paris.com\/en\/terms-of-legal-notice\/","url":"https:\/\/musiam-paris.com\/en\/terms-of-legal-notice\/","name":"Terms of Legal Notice - Musiam","isPartOf":{"@id":"https:\/\/musiam-paris.com\/en\/#website"},"datePublished":"2024-11-08T10:12:37+00:00","dateModified":"2025-09-29T09:58:25+00:00","inLanguage":"en-US","potentialAction":[{"@type":"ReadAction","target":["https:\/\/musiam-paris.com\/en\/terms-of-legal-notice\/"]}]},{"@type":"WebSite","@id":"https:\/\/musiam-paris.com\/en\/#website","url":"https:\/\/musiam-paris.com\/en\/","name":"Musiam","description":"","potentialAction":[{"@type":"SearchAction","target":{"@type":"EntryPoint","urlTemplate":"https:\/\/musiam-paris.com\/en\/?s={search_term_string}"},"query-input":{"@type":"PropertyValueSpecification","valueRequired":true,"valueName":"search_term_string"}}],"inLanguage":"en-US"}]}},"_links":{"self":[{"href":"https:\/\/musiam-paris.com\/en\/wp-json\/wp\/v2\/pages\/4076","targetHints":{"allow":["GET"]}}],"collection":[{"href":"https:\/\/musiam-paris.com\/en\/wp-json\/wp\/v2\/pages"}],"about":[{"href":"https:\/\/musiam-paris.com\/en\/wp-json\/wp\/v2\/types\/page"}],"author":[{"embeddable":true,"href":"https:\/\/musiam-paris.com\/en\/wp-json\/wp\/v2\/users\/5"}],"replies":[{"embeddable":true,"href":"https:\/\/musiam-paris.com\/en\/wp-json\/wp\/v2\/comments?post=4076"}],"version-history":[{"count":4,"href":"https:\/\/musiam-paris.com\/en\/wp-json\/wp\/v2\/pages\/4076\/revisions"}],"predecessor-version":[{"id":4080,"href":"https:\/\/musiam-paris.com\/en\/wp-json\/wp\/v2\/pages\/4076\/revisions\/4080"}],"wp:attachment":[{"href":"https:\/\/musiam-paris.com\/en\/wp-json\/wp\/v2\/media?parent=4076"}],"curies":[{"name":"wp","href":"https:\/\/api.w.org\/{rel}","templated":true}]}}